{"id":5665040,"date":"2017-10-13T13:00:37","date_gmt":"2017-10-13T13:00:37","guid":{"rendered":"http:\/\/norebro.colabr.io\/demo21\/?page_id=12969"},"modified":"2019-01-02T12:31:56","modified_gmt":"2019-01-02T09:31:56","slug":"calismalarimiz","status":"publish","type":"page","link":"https:\/\/www.uzummedya.com\/tr\/calismalarimiz\/","title":{"rendered":"\u00c7al\u0131\u015fmalar\u0131m\u0131z"},"content":{"rendered":"","protected":false},"excerpt":{"rendered":"","protected":false},"author":1,"featured_media":0,"parent":0,"menu_order":0,"comment_status":"closed","ping_status":"closed","template":"page-templates\/page_for-projects.php","meta":{"footnotes":""},"class_list":["post-5665040","page","type-page","status-publish","hentry"],"aioseo_notices":[],"acf":[],"_links":{"self":[{"href":"https:\/\/www.uzummedya.com\/tr\/wp-json\/wp\/v2\/pages\/5665040"}],"collection":[{"href":"https:\/\/www.uzummedya.com\/tr\/wp-json\/wp\/v2\/pages"}],"about":[{"href":"https:\/\/www.uzummedya.com\/tr\/wp-json\/wp\/v2\/types\/page"}],"author":[{"embeddable":true,"href":"https:\/\/www.uzummedya.com\/tr\/wp-json\/wp\/v2\/users\/1"}],"replies":[{"embeddable":true,"href":"https:\/\/www.uzummedya.com\/tr\/wp-json\/wp\/v2\/comments?post=5665040"}],"version-history":[{"count":0,"href":"https:\/\/www.uzummedya.com\/tr\/wp-json\/wp\/v2\/pages\/5665040\/revisions"}],"wp:attachment":[{"href":"https:\/\/www.uzummedya.com\/tr\/wp-json\/wp\/v2\/media?parent=5665040"}],"curies":[{"name":"wp","href":"https:\/\/api.w.org\/{rel}","templated":true}]}}