{"id":5661017,"date":"2017-10-18T14:24:53","date_gmt":"2017-10-18T14:24:53","guid":{"rendered":"http:\/\/norebro.colabr.io\/demo19\/?page_id=13180"},"modified":"2024-10-04T15:40:28","modified_gmt":"2024-10-04T12:40:28","slug":"iletisim","status":"publish","type":"page","link":"https:\/\/www.uzummedya.com\/tr\/iletisim\/","title":{"rendered":"\u0130leti\u015fim"},"content":{"rendered":"<div class=\"wpb-content-wrapper\">[vc_row css=&#8221;.vc_custom_1546244820424{padding-top: 30px !important;}&#8221;][vc_column width=&#8221;1\/3&#8243;]<div class=\"norebro-heading-sc heading text-left\"\r\n\tid=\"norebro-custom-69e345b32c783\" \r\n\t \r\n\t>\r\n\t\r\n\t\t\t<p class=\"subtitle\">\r\n\t\t\t\t\t<\/p>\r\n\t\r\n\t\r\n\t<h3 class=\"title subtitle-top\">\r\n\t\t\u0130leti\u015fim\t<\/h3>\r\n\r\n\t\r\n\t\t\r\n<\/div><ul class=\"norebro-list-box-sc list-box  with-icon\" \r\n\tid=\"norebro-custom-69e345b32ca3e\"\r\n\t \r\n\t>\r\n\t\r\n\t\t\t\r\n\t\t\t\t<li>\r\n\t\t\t<div class=\"wrap\">\r\n\t\t\t\t<div class=\"col col-icon\">\r\n\t\t\t\t\t\t\t\t\t\t\t<span class=\"icon linea-basic-geolocalize-01\"><\/span>\r\n\t\t\t\t\t\t\t\t\t\t\t\t\t\t\t<\/div>\r\n\t\t\t\t<div class=\"col col-title\">\r\n\t\t\t\t\t\t\t\t\t\t\t<h4 class=\"title\">A\u011eAO\u011eLU MY OFFICE 212 Mahmutbey Mah. Ta\u015foca\u011f\u0131 Cad. No:3 B Blok Kat: 26 Ofis:440 Pk:34218 Ba\u011fc\u0131lar\/\u0130STANBUL<\/h4>\r\n\t\t\t\t\t\t\t\t\t<\/div>\r\n\t\t\t<\/div>\r\n\t\t<\/li>\r\n\t\t\t\t<li>\r\n\t\t\t<div class=\"wrap\">\r\n\t\t\t\t<div class=\"col col-icon\">\r\n\t\t\t\t\t\t\t\t\t\t\t<span class=\"icon linea-basic-smartphone\"><\/span>\r\n\t\t\t\t\t\t\t\t\t\t\t\t\t\t\t<\/div>\r\n\t\t\t\t<div class=\"col col-title\">\r\n\t\t\t\t\t\t\t\t\t\t\t<h4 class=\"title\">0 (212) 652 17 17  - 0 (544) 744 48 28<\/h4>\r\n\t\t\t\t\t\t\t\t\t<\/div>\r\n\t\t\t<\/div>\r\n\t\t<\/li>\r\n\t\t\t\t<li>\r\n\t\t\t<div class=\"wrap\">\r\n\t\t\t\t<div class=\"col col-icon\">\r\n\t\t\t\t\t\t\t\t\t\t\t<span class=\"icon linea-basic-paperplane\"><\/span>\r\n\t\t\t\t\t\t\t\t\t\t\t\t\t\t\t<\/div>\r\n\t\t\t\t<div class=\"col col-title\">\r\n\t\t\t\t\t\t\t\t\t\t\t<h4 class=\"title\">info@uzumnet.com<\/h4>\r\n\t\t\t\t\t\t\t\t\t<\/div>\r\n\t\t\t<\/div>\r\n\t\t<\/li>\r\n\t\t\r\n\t\r\n<\/ul>[\/vc_column][vc_column width=&#8221;2\/3&#8243;]<div class=\"norebro-heading-sc heading text-left\"\r\n\tid=\"norebro-custom-69e345b32d603\" \r\n\t \r\n\t>\r\n\t\r\n\t\t\t<p class=\"subtitle\">\r\n\t\t\t\t\t<\/p>\r\n\t\r\n\t\r\n\t<h3 class=\"title subtitle-top\">\r\n\t\tBizimle Bir Kahve \u0130\u00e7meye Ne Dersiniz ?\t<\/h3>\r\n\r\n\t\r\n\t\t\r\n<\/div><div class=\"norebro-text-sc \" \r\n\tid=\"norebro-custom-69e345b32d84c\" \r\n\t \r\n\t>\r\n\r\n\t<p>\u00c7al\u0131\u015fmalar\u0131m\u0131zdaki odak noktam\u0131z sizsiniz. Bizim i\u00e7in \u00f6nemli olan, sizin istekleriniz. Siz bizimle istek ve g\u00f6r\u00fc\u015flerinizi payla\u015f\u0131rken biz de bir fincan kahveyi payla\u015fmak istiyoruz. Y\u00fcz y\u00fcze kuraca\u011f\u0131m\u0131z ileti\u015fimle ba\u015far\u0131ya daha k\u0131sa zamanda ula\u015faca\u011f\u0131m\u0131za inan\u0131yoruz.<\/p>\n\t\r\n<\/div><div class=\"norebro-contact-from-sc contact-form  text-left classic\"\r\n\tid=\"norebro-custom-69e345b32e415\" \r\n\t \r\n\t>\r\n\r\n\t\n<div class=\"wpcf7 no-js\" id=\"wpcf7-f5-o1\" lang=\"tr-TR\" dir=\"ltr\">\n<div class=\"screen-reader-response\"><p role=\"status\" aria-live=\"polite\" aria-atomic=\"true\"><\/p> <ul><\/ul><\/div>\n<form action=\"\/tr\/wp-json\/wp\/v2\/pages\/5661017#wpcf7-f5-o1\" method=\"post\" class=\"wpcf7-form init\" aria-label=\"\u0130leti\u015fim Formu\" novalidate=\"novalidate\" data-status=\"init\">\n<div style=\"display: none;\">\n<input type=\"hidden\" name=\"_wpcf7\" value=\"5\" \/>\n<input type=\"hidden\" name=\"_wpcf7_version\" value=\"5.9.8\" \/>\n<input type=\"hidden\" name=\"_wpcf7_locale\" value=\"tr_TR\" \/>\n<input type=\"hidden\" name=\"_wpcf7_unit_tag\" value=\"wpcf7-f5-o1\" \/>\n<input type=\"hidden\" name=\"_wpcf7_container_post\" value=\"0\" \/>\n<input type=\"hidden\" name=\"_wpcf7_posted_data_hash\" value=\"\" \/>\n<\/div>\n<p><label> Ad\u0131n\u0131z (gerekli)<br \/>\n<span class=\"wpcf7-form-control-wrap\" data-name=\"your-name\"><input size=\"40\" maxlength=\"400\" class=\"wpcf7-form-control wpcf7-text wpcf7-validates-as-required\" aria-required=\"true\" aria-invalid=\"false\" value=\"\" type=\"text\" name=\"your-name\" \/><\/span> <\/label>\n<\/p>\n<p><label> E-posta adresiniz (gerekli)<br \/>\n<span class=\"wpcf7-form-control-wrap\" data-name=\"your-email\"><input size=\"40\" maxlength=\"400\" class=\"wpcf7-form-control wpcf7-email wpcf7-validates-as-required wpcf7-text wpcf7-validates-as-email\" aria-required=\"true\" aria-invalid=\"false\" value=\"\" type=\"email\" name=\"your-email\" \/><\/span> <\/label>\n<\/p>\n<p><label> Konu<br \/>\n<span class=\"wpcf7-form-control-wrap\" data-name=\"your-subject\"><input size=\"40\" maxlength=\"400\" class=\"wpcf7-form-control wpcf7-text\" aria-invalid=\"false\" value=\"\" type=\"text\" name=\"your-subject\" \/><\/span> <\/label>\n<\/p>\n<p><label> \u0130letiniz<br \/>\n<span class=\"wpcf7-form-control-wrap\" data-name=\"your-message\"><textarea cols=\"40\" rows=\"10\" maxlength=\"2000\" class=\"wpcf7-form-control wpcf7-textarea\" aria-invalid=\"false\" name=\"your-message\"><\/textarea><\/span> <\/label>\n<\/p>\n<p><input class=\"wpcf7-form-control wpcf7-submit has-spinner\" type=\"submit\" value=\"G\u00f6nder\" \/>\n<\/p><div class=\"wpcf7-response-output\" aria-hidden=\"true\"><\/div>\n<\/form>\n<\/div>\n\r\n\t<div class=\"hidden\" data-contact-btn=\"true\">\r\n\t\t<button class=\"btn  btn-outline\">\r\n\t\t\t<span class=\"btn-load\"><\/span>\r\n\t\t\t<span class=\"text\"><\/span>\r\n\t\t<\/button>\r\n\t<\/div>\r\n<\/div>[\/vc_column][\/vc_row][vc_row][vc_column css=&#8221;.vc_custom_1502450761306{padding-top: 0px !important;}&#8221;][vc_empty_space height=&#8221;80px&#8221; el_class=&#8221;norebro-phone-space&#8221;][\/vc_column][\/vc_row][vc_row full_width=&#8221;stretch_row_content_no_spaces&#8221;][vc_column][vc_gmaps link=&#8221;#E-8_JTNDaWZyYW1lJTIwc3JjJTNEJTIyaHR0cHMlM0ElMkYlMkZ3d3cuZ29vZ2xlLmNvbSUyRm1hcHMlMkZlbWJlZCUzRnBiJTNEJTIxMW0xNCUyMTFtOCUyMTFtMyUyMTFkNDgxNDQuMjMyNzI4NzkwMzc1JTIxMmQyOC44MTAzMzY5OTk5OTk5OTclMjEzZDQxLjA0NjgxMSUyMTNtMiUyMTFpMTAyNCUyMTJpNzY4JTIxNGYxMy4xJTIxM20zJTIxMW0yJTIxMXMweDAlMjUzQTB4OTU0YzY3ZmFlMzRkZDYyOCUyMTJzJTI1QzMlMjU5Q3olMjVDMyUyNUJDbW5ldCUyQkt1cnVtc2FsJTJCSGl6bWV0bGVyJTJCJTI1QzQlMjVCMHN0YW5idWwlMkJCYXMlMjVDNCUyNUIxbmV4cHJlc3MlMkJPZmlzaSUyMTVlMCUyMTNtMiUyMTFzdHIlMjEyc3RyJTIxNHYxNTQ1MDUwMTk1MTY5JTIyJTIwd2lkdGglM0QlMjIxMzQ4JTIyJTIwaGVpZ2h0JTNEJTIyNTAwJTIyJTIwZnJhbWVib3JkZXIlM0QlMjIwJTIyJTIwc3R5bGUlM0QlMjJib3JkZXIlM0EwJTIyJTIwYWxsb3dmdWxsc2NyZWVuJTNFJTNDJTJGaWZyYW1lJTNF&#8221;][\/vc_column][\/vc_row]\n<\/div>","protected":false},"excerpt":{"rendered":"<p>[vc_row css=&#8221;.vc_custom_1546244820424{padding-top: 30px !important;}&#8221;][vc_column width=&#8221;1\/3&#8243;][\/vc_column][vc_column width=&#8221;2\/3&#8243;][\/vc_column][\/vc_row][vc_row][vc_column css=&#8221;.vc_custom_1502450761306{padding-top: 0px !important;}&#8221;][vc_empty_space height=&#8221;80px&#8221; el_class=&#8221;norebro-phone-space&#8221;][\/vc_column][\/vc_row][vc_row full_width=&#8221;stretch_row_content_no_spaces&#8221;][vc_column][vc_gmaps link=&#8221;#E-8_JTNDaWZyYW1lJTIwc3JjJTNEJTIyaHR0cHMlM0ElMkYlMkZ3d3cuZ29vZ2xlLmNvbSUyRm1hcHMlMkZlbWJlZCUzRnBiJTNEJTIxMW0xNCUyMTFtOCUyMTFtMyUyMTFkNDgxNDQuMjMyNzI4NzkwMzc1JTIxMmQyOC44MTAzMzY5OTk5OTk5OTclMjEzZDQxLjA0NjgxMSUyMTNtMiUyMTFpMTAyNCUyMTJpNzY4JTIxNGYxMy4xJTIxM20zJTIxMW0yJTIxMXMweDAlMjUzQTB4OTU0YzY3ZmFlMzRkZDYyOCUyMTJzJTI1QzMlMjU5Q3olMjVDMyUyNUJDbW5ldCUyQkt1cnVtc2FsJTJCSGl6bWV0bGVyJTJCJTI1QzQlMjVCMHN0YW5idWwlMkJCYXMlMjVDNCUyNUIxbmV4cHJlc3MlMkJPZmlzaSUyMTVlMCUyMTNtMiUyMTFzdHIlMjEyc3RyJTIxNHYxNTQ1MDUwMTk1MTY5JTIyJTIwd2lkdGglM0QlMjIxMzQ4JTIyJTIwaGVpZ2h0JTNEJTIyNTAwJTIyJTIwZnJhbWVib3JkZXIlM0QlMjIwJTIyJTIwc3R5bGUlM0QlMjJib3JkZXIlM0EwJTIyJTIwYWxsb3dmdWxsc2NyZWVuJTNFJTNDJTJGaWZyYW1lJTNF&#8221;][\/vc_column][\/vc_row]<\/p>\n","protected":false},"author":1,"featured_media":0,"parent":0,"menu_order":0,"comment_status":"closed","ping_status":"closed","template":"","meta":{"footnotes":""},"class_list":["post-5661017","page","type-page","status-publish","hentry"],"aioseo_notices":[],"acf":[],"_links":{"self":[{"href":"https:\/\/www.uzummedya.com\/tr\/wp-json\/wp\/v2\/pages\/5661017"}],"collection":[{"href":"https:\/\/www.uzummedya.com\/tr\/wp-json\/wp\/v2\/pages"}],"about":[{"href":"https:\/\/www.uzummedya.com\/tr\/wp-json\/wp\/v2\/types\/page"}],"author":[{"embeddable":true,"href":"https:\/\/www.uzummedya.com\/tr\/wp-json\/wp\/v2\/users\/1"}],"replies":[{"embeddable":true,"href":"https:\/\/www.uzummedya.com\/tr\/wp-json\/wp\/v2\/comments?post=5661017"}],"version-history":[{"count":1,"href":"https:\/\/www.uzummedya.com\/tr\/wp-json\/wp\/v2\/pages\/5661017\/revisions"}],"predecessor-version":[{"id":6330181,"href":"https:\/\/www.uzummedya.com\/tr\/wp-json\/wp\/v2\/pages\/5661017\/revisions\/6330181"}],"wp:attachment":[{"href":"https:\/\/www.uzummedya.com\/tr\/wp-json\/wp\/v2\/media?parent=5661017"}],"curies":[{"name":"wp","href":"https:\/\/api.w.org\/{rel}","templated":true}]}}